{"id":27724,"date":"2024-12-14T13:54:46","date_gmt":"2024-12-14T13:54:46","guid":{"rendered":"https:\/\/soluest-dz.com\/?page_id=27724"},"modified":"2024-12-14T14:05:29","modified_gmt":"2024-12-14T14:05:29","slug":"blog","status":"publish","type":"page","link":"https:\/\/soluest-dz.com\/en\/blog\/","title":{"rendered":"Blog"},"content":{"rendered":"<div data-elementor-type=\"wp-page\" data-elementor-id=\"27724\" class=\"elementor elementor-27724\">\n\t\t\t\t\t\t<section class=\"elementor-section elementor-top-section elementor-element elementor-element-816df6b0 elementor-section-boxed elementor-section-height-default elementor-section-height-default exad-glass-effect-no wpr-particle-no wpr-jarallax-no wpr-parallax-no wpr-sticky-section-no exad-sticky-section-no sc_fly_static\" data-id=\"816df6b0\" data-element_type=\"section\" data-settings=\"{&quot;background_background&quot;:&quot;classic&quot;}\">\n\t\t\t\t\t\t\t<div class=\"elementor-background-overlay\"><\/div>\n\t\t\t\t\t\t\t<div class=\"elementor-container elementor-column-gap-extended\">\n\t\t\t\t\t<div class=\"elementor-column elementor-col-100 elementor-top-column elementor-element elementor-element-1c6f977a sc_content_align_inherit sc_layouts_column_icons_position_left exad-glass-effect-no exad-sticky-section-no sc_fly_static\" data-id=\"1c6f977a\" data-element_type=\"column\">\n\t\t\t<div class=\"elementor-widget-wrap elementor-element-populated\">\n\t\t\t\t\t\t<div class=\"elementor-element elementor-element-765457bc exad-sticky-section-no exad-glass-effect-no sc_fly_static elementor-widget elementor-widget-heading\" data-id=\"765457bc\" data-element_type=\"widget\" data-widget_type=\"heading.default\">\n\t\t\t\t<div class=\"elementor-widget-container\">\n\t\t\t\t\t<h2 class=\"elementor-heading-title elementor-size-default\">The SOLU EST Journal<\/h2>\t\t\t\t<\/div>\n\t\t\t\t<\/div>\n\t\t\t\t\t<\/div>\n\t\t<\/div>\n\t\t\t\t\t<\/div>\n\t\t<\/section>\n\t\t\t\t<section class=\"elementor-section elementor-top-section elementor-element elementor-element-0e9a6b6 elementor-section-boxed elementor-section-height-default elementor-section-height-default exad-glass-effect-no wpr-particle-no wpr-jarallax-no wpr-parallax-no wpr-sticky-section-no exad-sticky-section-no sc_fly_static\" data-id=\"0e9a6b6\" data-element_type=\"section\">\n\t\t\t\t\t\t<div class=\"elementor-container elementor-column-gap-extended\">\n\t\t\t\t\t<div class=\"elementor-column elementor-col-100 elementor-top-column elementor-element elementor-element-53cf1cc sc_content_align_inherit sc_layouts_column_icons_position_left exad-glass-effect-no exad-sticky-section-no sc_fly_static\" data-id=\"53cf1cc\" data-element_type=\"column\">\n\t\t\t<div class=\"elementor-widget-wrap elementor-element-populated\">\n\t\t\t\t\t\t<div class=\"elementor-element elementor-element-ced3d87 sc_style_default exad-sticky-section-no exad-glass-effect-no sc_fly_static elementor-widget elementor-widget-trx_sc_blogger\" data-id=\"ced3d87\" data-element_type=\"widget\" data-widget_type=\"trx_sc_blogger.default\">\n\t\t\t\t<div class=\"elementor-widget-container\">\n\t\t\t\t\t<div \t\tclass=\"sc_blogger sc_blogger_default sc_blogger_default_classic sc_item_filters_tabs_none alignnone\" ><div class=\"sc_blogger_columns_wrap sc_item_columns sc_item_posts_container trx_addons_columns_wrap columns_padding_bottom columns_in_single_row\" ><div class=\"trx_addons_column-1_3 trx_addons_column-1_1-mobile\"><div data-post-id=\"28347\" data-item-number=\"1\" class=\"sc_blogger_item sc_item_container post_container sc_blogger_item_default sc_blogger_item_default_classic sc_blogger_item_odd sc_blogger_item_align_none post_format_standard sc_blogger_item_with_image sc_blogger_item_no_excerpt sc_blogger_item_image_position_top post-28347 post type-post status-publish format-standard has-post-thumbnail hentry category-actualite category-uncategorized\" ><div class=\"sc_blogger_item_body\"><div class=\"post_featured with_thumb hover_link sc_item_featured sc_blogger_item_featured\"><img fetchpriority=\"high\" decoding=\"async\" width=\"890\" height=\"664\" src=\"https:\/\/soluest-dz.com\/wp-content\/uploads\/2024\/11\/worker-open-cement-bucket-tank-machine-on-fence-fr-2023-12-14-02-53-36-utc-890x664.jpg\" class=\"attachment-rf-thumb-square size-rf-thumb-square wp-post-image\" alt=\"\" \/>\t\t\t\t\t\t<div class=\"mask\"><\/div>\n\t\t\t\t\t\t\t\t\t<a href=\"https:\/\/soluest-dz.com\/en\/adjuvants-beton-types-fonctionnement-benefices\/\"  aria-hidden=\"true\" class=\"link\"><\/a>\r\n\t\t\t<\/div><div class=\"sc_blogger_item_content entry-content\"><h5 class=\"sc_blogger_item_title entry-title\" data-item-number=\"1\"><a href=\"https:\/\/soluest-dz.com\/en\/adjuvants-beton-types-fonctionnement-benefices\/\" rel=\"bookmark\">Adjuvants pour b\u00e9ton : types, fonctionnement et b\u00e9n\u00e9fices<\/a><\/h5><div class=\"sc_blogger_item_button sc_item_button\"><a href=\"https:\/\/soluest-dz.com\/en\/adjuvants-beton-types-fonctionnement-benefices\/\" class=\"item_more_link\"><span class=\"link_text\">Lire l&#039;article<\/span><span class=\"link_icon\"><\/span><\/a><\/div><\/div><!-- .entry-content --><\/div><!-- .sc_blogger_item_body --><\/div><!-- .sc_blogger_item --><\/div><div class=\"trx_addons_column-1_3 trx_addons_column-1_1-mobile\"><div data-post-id=\"28380\" data-item-number=\"2\" class=\"sc_blogger_item sc_item_container post_container sc_blogger_item_default sc_blogger_item_default_classic sc_blogger_item_even sc_blogger_item_align_none post_format_standard sc_blogger_item_with_image sc_blogger_item_no_excerpt sc_blogger_item_image_position_top post-28380 post type-post status-publish format-standard has-post-thumbnail hentry category-actualite\" ><div class=\"sc_blogger_item_body\"><div class=\"post_featured with_thumb hover_link sc_item_featured sc_blogger_item_featured\"><img decoding=\"async\" width=\"890\" height=\"540\" src=\"https:\/\/soluest-dz.com\/wp-content\/uploads\/2025\/07\/silow-890x540.jpeg\" class=\"attachment-rf-thumb-square size-rf-thumb-square wp-post-image\" alt=\"\" srcset=\"https:\/\/soluest-dz.com\/wp-content\/uploads\/2025\/07\/silow-890x540.jpeg 890w, https:\/\/soluest-dz.com\/wp-content\/uploads\/2025\/07\/silow-18x10.jpeg 18w\" sizes=\"(max-width: 890px) 100vw, 890px\" \/>\t\t\t\t\t\t<div class=\"mask\"><\/div>\n\t\t\t\t\t\t\t\t\t<a href=\"https:\/\/soluest-dz.com\/en\/construction-silos-algerie\/\"  aria-hidden=\"true\" class=\"link\"><\/a>\r\n\t\t\t<\/div><div class=\"sc_blogger_item_content entry-content\"><h5 class=\"sc_blogger_item_title entry-title\" data-item-number=\"2\"><a href=\"https:\/\/soluest-dz.com\/en\/construction-silos-algerie\/\" rel=\"bookmark\">Construction de Silos en Alg\u00e9rie : L\u2019Expertise de SOLU EST au Service de Projets Strat\u00e9giques<\/a><\/h5><div class=\"sc_blogger_item_button sc_item_button\"><a href=\"https:\/\/soluest-dz.com\/en\/construction-silos-algerie\/\" class=\"item_more_link\"><span class=\"link_text\">Lire l&#039;article<\/span><span class=\"link_icon\"><\/span><\/a><\/div><\/div><!-- .entry-content --><\/div><!-- .sc_blogger_item_body --><\/div><!-- .sc_blogger_item --><\/div><\/div><\/div>\t\t\t\t<\/div>\n\t\t\t\t<\/div>\n\t\t\t\t\t<\/div>\n\t\t<\/div>\n\t\t\t\t\t<\/div>\n\t\t<\/section>\n\t\t\t\t<\/div>","protected":false},"excerpt":{"rendered":"<p>Le Journal SOLU EST Gagnez du temps et r\u00e9duisez vos co\u00fbts : L\u2019expertise qui fait la diff\u00e9rence Lire l&#039;article Des solutions adapt\u00e9es \u00e0 chaque chantier : L\u2019engagement de SOLUT EST&hellip;<\/p>","protected":false},"author":1,"featured_media":27104,"parent":0,"menu_order":0,"comment_status":"closed","ping_status":"closed","template":"","meta":{"inline_featured_image":false,"footnotes":""},"class_list":["post-27724","page","type-page","status-publish","has-post-thumbnail","hentry"],"yoast_head":"<!-- This site is optimized with the Yoast SEO plugin v25.0 - https:\/\/yoast.com\/wordpress\/plugins\/seo\/ -->\n<title>Blog - SOLU EST<\/title>\n<meta name=\"robots\" content=\"index, follow, max-snippet:-1, max-image-preview:large, max-video-preview:-1\" \/>\n<link rel=\"canonical\" href=\"https:\/\/soluest-dz.com\/en\/blog\/\" \/>\n<meta property=\"og:locale\" content=\"en_US\" \/>\n<meta property=\"og:type\" content=\"article\" \/>\n<meta property=\"og:title\" content=\"Blog - SOLU EST\" \/>\n<meta property=\"og:description\" content=\"Le Journal SOLU EST Gagnez du temps et r\u00e9duisez vos co\u00fbts : L\u2019expertise qui fait la diff\u00e9rence Lire l&#039;article Des solutions adapt\u00e9es \u00e0 chaque chantier : L\u2019engagement de SOLUT EST&hellip;\" \/>\n<meta property=\"og:url\" content=\"https:\/\/soluest-dz.com\/en\/blog\/\" \/>\n<meta property=\"og:site_name\" content=\"SOLU EST\" \/>\n<meta property=\"article:publisher\" content=\"https:\/\/web.facebook.com\/sarlsoluest?mibextid=wwXIfr&amp;rdid=mPGkw1ysCCHgBUJP&amp;share_url=httpsweb.facebook.comshare19DnEyCCYfmibextidwwXIfr_rdc1_rdr\" \/>\n<meta property=\"article:modified_time\" content=\"2024-12-14T14:05:29+00:00\" \/>\n<meta property=\"og:image\" content=\"https:\/\/soluest-dz.com\/wp-content\/uploads\/2024\/11\/webcover.jpg\" \/>\n\t<meta property=\"og:image:width\" content=\"2500\" \/>\n\t<meta property=\"og:image:height\" content=\"1406\" \/>\n\t<meta property=\"og:image:type\" content=\"image\/jpeg\" \/>\n<meta name=\"twitter:card\" content=\"summary_large_image\" \/>\n<meta name=\"twitter:label1\" content=\"Est. reading time\" \/>\n\t<meta name=\"twitter:data1\" content=\"1 minute\" \/>\n<script type=\"application\/ld+json\" class=\"yoast-schema-graph\">{\"@context\":\"https:\/\/schema.org\",\"@graph\":[{\"@type\":\"WebPage\",\"@id\":\"https:\/\/soluest-dz.com\/blog\/\",\"url\":\"https:\/\/soluest-dz.com\/blog\/\",\"name\":\"Blog - SOLU EST\",\"isPartOf\":{\"@id\":\"https:\/\/soluest-dz.com\/#website\"},\"primaryImageOfPage\":{\"@id\":\"https:\/\/soluest-dz.com\/blog\/#primaryimage\"},\"image\":{\"@id\":\"https:\/\/soluest-dz.com\/blog\/#primaryimage\"},\"thumbnailUrl\":\"https:\/\/soluest-dz.com\/wp-content\/uploads\/2024\/11\/webcover.jpg\",\"datePublished\":\"2024-12-14T13:54:46+00:00\",\"dateModified\":\"2024-12-14T14:05:29+00:00\",\"breadcrumb\":{\"@id\":\"https:\/\/soluest-dz.com\/blog\/#breadcrumb\"},\"inLanguage\":\"en-US\",\"potentialAction\":[{\"@type\":\"ReadAction\",\"target\":[\"https:\/\/soluest-dz.com\/blog\/\"]}]},{\"@type\":\"ImageObject\",\"inLanguage\":\"en-US\",\"@id\":\"https:\/\/soluest-dz.com\/blog\/#primaryimage\",\"url\":\"https:\/\/soluest-dz.com\/wp-content\/uploads\/2024\/11\/webcover.jpg\",\"contentUrl\":\"https:\/\/soluest-dz.com\/wp-content\/uploads\/2024\/11\/webcover.jpg\",\"width\":2500,\"height\":1406},{\"@type\":\"BreadcrumbList\",\"@id\":\"https:\/\/soluest-dz.com\/blog\/#breadcrumb\",\"itemListElement\":[{\"@type\":\"ListItem\",\"position\":1,\"name\":\"Accueil\",\"item\":\"https:\/\/soluest-dz.com\/\"},{\"@type\":\"ListItem\",\"position\":2,\"name\":\"Blog\"}]},{\"@type\":\"WebSite\",\"@id\":\"https:\/\/soluest-dz.com\/#website\",\"url\":\"https:\/\/soluest-dz.com\/\",\"name\":\"SOLU EST\",\"description\":\"La R\u00e9f\u00e9rence pour mieux construire.\",\"publisher\":{\"@id\":\"https:\/\/soluest-dz.com\/#organization\"},\"potentialAction\":[{\"@type\":\"SearchAction\",\"target\":{\"@type\":\"EntryPoint\",\"urlTemplate\":\"https:\/\/soluest-dz.com\/?s={search_term_string}\"},\"query-input\":{\"@type\":\"PropertyValueSpecification\",\"valueRequired\":true,\"valueName\":\"search_term_string\"}}],\"inLanguage\":\"en-US\"},{\"@type\":\"Organization\",\"@id\":\"https:\/\/soluest-dz.com\/#organization\",\"name\":\"SOLU EST\",\"url\":\"https:\/\/soluest-dz.com\/\",\"logo\":{\"@type\":\"ImageObject\",\"inLanguage\":\"en-US\",\"@id\":\"https:\/\/soluest-dz.com\/#\/schema\/logo\/image\/\",\"url\":\"https:\/\/soluest-dz.com\/wp-content\/uploads\/2025\/04\/Asset-8@4x.png\",\"contentUrl\":\"https:\/\/soluest-dz.com\/wp-content\/uploads\/2025\/04\/Asset-8@4x.png\",\"width\":1789,\"height\":337,\"caption\":\"SOLU EST\"},\"image\":{\"@id\":\"https:\/\/soluest-dz.com\/#\/schema\/logo\/image\/\"},\"sameAs\":[\"https:\/\/web.facebook.com\/sarlsoluest?mibextid=wwXIfr&rdid=mPGkw1ysCCHgBUJP&share_url=httpsweb.facebook.comshare19DnEyCCYfmibextidwwXIfr_rdc1_rdr\",\"https:\/\/www.instagram.com\/sarlsoluest\",\"https:\/\/www.linkedin.com\/company\/solu-est\/\"]}]}<\/script>\n<!-- \/ Yoast SEO plugin. -->","yoast_head_json":{"title":"Blog - SOLU EST","robots":{"index":"index","follow":"follow","max-snippet":"max-snippet:-1","max-image-preview":"max-image-preview:large","max-video-preview":"max-video-preview:-1"},"canonical":"https:\/\/soluest-dz.com\/en\/blog\/","og_locale":"en_US","og_type":"article","og_title":"Blog - SOLU EST","og_description":"Le Journal SOLU EST Gagnez du temps et r\u00e9duisez vos co\u00fbts : L\u2019expertise qui fait la diff\u00e9rence Lire l&#039;article Des solutions adapt\u00e9es \u00e0 chaque chantier : L\u2019engagement de SOLUT EST&hellip;","og_url":"https:\/\/soluest-dz.com\/en\/blog\/","og_site_name":"SOLU EST","article_publisher":"https:\/\/web.facebook.com\/sarlsoluest?mibextid=wwXIfr&rdid=mPGkw1ysCCHgBUJP&share_url=httpsweb.facebook.comshare19DnEyCCYfmibextidwwXIfr_rdc1_rdr","article_modified_time":"2024-12-14T14:05:29+00:00","og_image":[{"width":2500,"height":1406,"url":"https:\/\/soluest-dz.com\/wp-content\/uploads\/2024\/11\/webcover.jpg","type":"image\/jpeg"}],"twitter_card":"summary_large_image","twitter_misc":{"Est. reading time":"1 minute"},"schema":{"@context":"https:\/\/schema.org","@graph":[{"@type":"WebPage","@id":"https:\/\/soluest-dz.com\/blog\/","url":"https:\/\/soluest-dz.com\/blog\/","name":"Blog - SOLU EST","isPartOf":{"@id":"https:\/\/soluest-dz.com\/#website"},"primaryImageOfPage":{"@id":"https:\/\/soluest-dz.com\/blog\/#primaryimage"},"image":{"@id":"https:\/\/soluest-dz.com\/blog\/#primaryimage"},"thumbnailUrl":"https:\/\/soluest-dz.com\/wp-content\/uploads\/2024\/11\/webcover.jpg","datePublished":"2024-12-14T13:54:46+00:00","dateModified":"2024-12-14T14:05:29+00:00","breadcrumb":{"@id":"https:\/\/soluest-dz.com\/blog\/#breadcrumb"},"inLanguage":"en-US","potentialAction":[{"@type":"ReadAction","target":["https:\/\/soluest-dz.com\/blog\/"]}]},{"@type":"ImageObject","inLanguage":"en-US","@id":"https:\/\/soluest-dz.com\/blog\/#primaryimage","url":"https:\/\/soluest-dz.com\/wp-content\/uploads\/2024\/11\/webcover.jpg","contentUrl":"https:\/\/soluest-dz.com\/wp-content\/uploads\/2024\/11\/webcover.jpg","width":2500,"height":1406},{"@type":"BreadcrumbList","@id":"https:\/\/soluest-dz.com\/blog\/#breadcrumb","itemListElement":[{"@type":"ListItem","position":1,"name":"Accueil","item":"https:\/\/soluest-dz.com\/"},{"@type":"ListItem","position":2,"name":"Blog"}]},{"@type":"WebSite","@id":"https:\/\/soluest-dz.com\/#website","url":"https:\/\/soluest-dz.com\/","name":"SOLU EST","description":"La R\u00e9f\u00e9rence pour mieux construire.","publisher":{"@id":"https:\/\/soluest-dz.com\/#organization"},"potentialAction":[{"@type":"SearchAction","target":{"@type":"EntryPoint","urlTemplate":"https:\/\/soluest-dz.com\/?s={search_term_string}"},"query-input":{"@type":"PropertyValueSpecification","valueRequired":true,"valueName":"search_term_string"}}],"inLanguage":"en-US"},{"@type":"Organization","@id":"https:\/\/soluest-dz.com\/#organization","name":"SOLU EST","url":"https:\/\/soluest-dz.com\/","logo":{"@type":"ImageObject","inLanguage":"en-US","@id":"https:\/\/soluest-dz.com\/#\/schema\/logo\/image\/","url":"https:\/\/soluest-dz.com\/wp-content\/uploads\/2025\/04\/Asset-8@4x.png","contentUrl":"https:\/\/soluest-dz.com\/wp-content\/uploads\/2025\/04\/Asset-8@4x.png","width":1789,"height":337,"caption":"SOLU EST"},"image":{"@id":"https:\/\/soluest-dz.com\/#\/schema\/logo\/image\/"},"sameAs":["https:\/\/web.facebook.com\/sarlsoluest?mibextid=wwXIfr&rdid=mPGkw1ysCCHgBUJP&share_url=httpsweb.facebook.comshare19DnEyCCYfmibextidwwXIfr_rdc1_rdr","https:\/\/www.instagram.com\/sarlsoluest","https:\/\/www.linkedin.com\/company\/solu-est\/"]}]}},"_links":{"self":[{"href":"https:\/\/soluest-dz.com\/en\/wp-json\/wp\/v2\/pages\/27724","targetHints":{"allow":["GET"]}}],"collection":[{"href":"https:\/\/soluest-dz.com\/en\/wp-json\/wp\/v2\/pages"}],"about":[{"href":"https:\/\/soluest-dz.com\/en\/wp-json\/wp\/v2\/types\/page"}],"author":[{"embeddable":true,"href":"https:\/\/soluest-dz.com\/en\/wp-json\/wp\/v2\/users\/1"}],"replies":[{"embeddable":true,"href":"https:\/\/soluest-dz.com\/en\/wp-json\/wp\/v2\/comments?post=27724"}],"version-history":[{"count":7,"href":"https:\/\/soluest-dz.com\/en\/wp-json\/wp\/v2\/pages\/27724\/revisions"}],"predecessor-version":[{"id":27735,"href":"https:\/\/soluest-dz.com\/en\/wp-json\/wp\/v2\/pages\/27724\/revisions\/27735"}],"wp:featuredmedia":[{"embeddable":true,"href":"https:\/\/soluest-dz.com\/en\/wp-json\/wp\/v2\/media\/27104"}],"wp:attachment":[{"href":"https:\/\/soluest-dz.com\/en\/wp-json\/wp\/v2\/media?parent=27724"}],"curies":[{"name":"wp","href":"https:\/\/api.w.org\/{rel}","templated":true}]}}