{"id":27553,"date":"2024-12-12T11:22:50","date_gmt":"2024-12-12T11:22:50","guid":{"rendered":"https:\/\/soluest-dz.com\/?post_type=product&#038;p=27553"},"modified":"2025-05-08T15:01:26","modified_gmt":"2025-05-08T15:01:26","slug":"polyflow-8800-lsr","status":"publish","type":"product","link":"https:\/\/soluest-dz.com\/en\/product\/polyflow-8800-lsr\/","title":{"rendered":"POLYFLOW 8800 LSR"},"content":{"rendered":"<p><span style=\"font-weight: 400;\"><strong>POLYFLOW\u00ae\ufe0f LSR 8800<\/strong> is a highly effective, non-chlorinated polycarboxylate-based superplasticizer that significantly reduces water content while maintaining high concrete strength. It enables quick and controlled hardening without retarding the setting time.<\/span><\/p>\n<p><span style=\"font-weight: 400;\">Ce produit ne pr\u00e9sente pas d\u2019effet retardateur, ce qui permet un durcissement rapide et contr\u00f4l\u00e9 sans ralentir le temps de prise du b\u00e9ton.<\/span><\/p>\n<h6><b>Fields of Application:\u00a0<\/b><\/h6>\n<ul>\n<li style=\"font-weight: 400;\" aria-level=\"1\"><span style=\"font-weight: 400;\">High-quality concrete with superior mechanical and aesthetic properties<\/span><\/li>\n<li style=\"font-weight: 400;\" aria-level=\"1\"><span style=\"font-weight: 400;\">Ideal for plastic and self-compacting concretes, suitable for long-distance transport and pumping<\/span><\/li>\n<li style=\"font-weight: 400;\" aria-level=\"1\"><span style=\"font-weight: 400;\">Improves stability, reduces segregation, and minimizes sensitivity to water\/constituent variations<\/span><\/li>\n<li style=\"font-weight: 400;\" aria-level=\"1\"><span style=\"font-weight: 400;\">Significantly reduces water\/cement ratio, enhancing durability<\/span><\/li>\n<\/ul>\n<h6><b>General Characteristics:\u00a0<\/b><\/h6>\n<ul>\n<li style=\"font-weight: 400;\" aria-level=\"1\"><span style=\"font-weight: 400;\">Long rheology retention (&gt;3 hours)<\/span><\/li>\n<li style=\"font-weight: 400;\" aria-level=\"1\"><span style=\"font-weight: 400;\">Robust against segregation<\/span><\/li>\n<li style=\"font-weight: 400;\" aria-level=\"1\"><span style=\"font-weight: 400;\">High surface quality<\/span><\/li>\n<li style=\"font-weight: 400;\" aria-level=\"1\"><span style=\"font-weight: 400;\">Early-age strength\u00a0<\/span><\/li>\n<li style=\"font-weight: 400;\" aria-level=\"1\"><span style=\"font-weight: 400;\">Water reduction &gt;30%<\/span><\/li>\n<\/ul>","protected":false},"excerpt":{"rendered":"<h6><strong>Versatile Superplasticizer \/ High Water Reducer for Ready-Mix Concrete<\/strong><\/h6>\n<p><span style=\"font-weight: 400;\"><strong>POLYFLOW\u00ae\ufe0f LSR 8800<\/strong> is a highly effective, non-chlorinated polycarboxylate-based superplasticizer that significantly reduces water content while maintaining high concrete strength. It enables quick and controlled hardening without retarding the setting time.<\/span><\/p>\n<p><span style=\"font-weight: 400;\">Ce produit ne pr\u00e9sente pas d\u2019effet retardateur, ce qui permet un durcissement rapide et contr\u00f4l\u00e9 sans ralentir le temps de prise du b\u00e9ton.<\/span><\/p>","protected":false},"featured_media":28101,"template":"","meta":{"inline_featured_image":false},"product_brand":[],"product_cat":[219],"product_tag":[],"class_list":{"0":"post-27553","1":"product","2":"type-product","3":"status-publish","4":"has-post-thumbnail","6":"product_cat-superplastifiants-de-nouvelle-generation","8":"first","9":"instock","10":"shipping-taxable","11":"purchasable","12":"product-type-simple"},"yoast_head":"<!-- This site is optimized with the Yoast SEO plugin v25.0 - https:\/\/yoast.com\/wordpress\/plugins\/seo\/ -->\n<title>POLYFLOW 8800 LSR - SOLU EST<\/title>\n<meta name=\"robots\" content=\"index, follow, max-snippet:-1, max-image-preview:large, max-video-preview:-1\" \/>\n<link rel=\"canonical\" href=\"https:\/\/soluest-dz.com\/en\/product\/polyflow-8800-lsr\/\" \/>\n<meta property=\"og:locale\" content=\"en_US\" \/>\n<meta property=\"og:type\" content=\"article\" \/>\n<meta property=\"og:title\" content=\"POLYFLOW 8800 LSR - SOLU EST\" \/>\n<meta property=\"og:description\" content=\"Super plastifiant \/Haut R\u00e9ducteur d&#039;eau polyvalent pour b\u00e9tons pr\u00eats \u00e0 l&#039;emploi. POLYFLOW\u00ae\ufe0f LSR 8800 est un superplastifiant hautement efficace, \u00e0 base de polycarboxylate, non chlor\u00e9, qui r\u00e9duit consid\u00e9rablement la quantit\u00e9 d&#039;eau n\u00e9cessaire pour obtenir une consistance fluide tout en maintenant une haute r\u00e9sistance du b\u00e9ton.  Ce produit ne pr\u00e9sente pas d\u2019effet retardateur, ce qui permet un durcissement rapide et contr\u00f4l\u00e9 sans ralentir le temps de prise du b\u00e9ton.\" \/>\n<meta property=\"og:url\" content=\"https:\/\/soluest-dz.com\/en\/product\/polyflow-8800-lsr\/\" \/>\n<meta property=\"og:site_name\" content=\"SOLU EST\" \/>\n<meta property=\"article:publisher\" content=\"https:\/\/web.facebook.com\/sarlsoluest?mibextid=wwXIfr&amp;rdid=mPGkw1ysCCHgBUJP&amp;share_url=httpsweb.facebook.comshare19DnEyCCYfmibextidwwXIfr_rdc1_rdr\" \/>\n<meta property=\"article:modified_time\" content=\"2025-05-08T15:01:26+00:00\" \/>\n<meta property=\"og:image\" content=\"https:\/\/soluest-dz.com\/wp-content\/uploads\/2025\/05\/P2-scaled.jpg\" \/>\n\t<meta property=\"og:image:width\" content=\"2560\" \/>\n\t<meta property=\"og:image:height\" content=\"2560\" \/>\n\t<meta property=\"og:image:type\" content=\"image\/jpeg\" \/>\n<meta name=\"twitter:card\" content=\"summary_large_image\" \/>\n<meta name=\"twitter:label1\" content=\"Est. reading time\" \/>\n\t<meta name=\"twitter:data1\" content=\"1 minute\" \/>\n<script type=\"application\/ld+json\" class=\"yoast-schema-graph\">{\"@context\":\"https:\/\/schema.org\",\"@graph\":[{\"@type\":\"WebPage\",\"@id\":\"https:\/\/soluest-dz.com\/product\/polyflow-8800-lsr\/\",\"url\":\"https:\/\/soluest-dz.com\/product\/polyflow-8800-lsr\/\",\"name\":\"POLYFLOW 8800 LSR - SOLU EST\",\"isPartOf\":{\"@id\":\"https:\/\/soluest-dz.com\/#website\"},\"primaryImageOfPage\":{\"@id\":\"https:\/\/soluest-dz.com\/product\/polyflow-8800-lsr\/#primaryimage\"},\"image\":{\"@id\":\"https:\/\/soluest-dz.com\/product\/polyflow-8800-lsr\/#primaryimage\"},\"thumbnailUrl\":\"https:\/\/soluest-dz.com\/wp-content\/uploads\/2025\/05\/P2-scaled.jpg\",\"datePublished\":\"2024-12-12T11:22:50+00:00\",\"dateModified\":\"2025-05-08T15:01:26+00:00\",\"breadcrumb\":{\"@id\":\"https:\/\/soluest-dz.com\/product\/polyflow-8800-lsr\/#breadcrumb\"},\"inLanguage\":\"en-US\",\"potentialAction\":[{\"@type\":\"ReadAction\",\"target\":[\"https:\/\/soluest-dz.com\/product\/polyflow-8800-lsr\/\"]}]},{\"@type\":\"ImageObject\",\"inLanguage\":\"en-US\",\"@id\":\"https:\/\/soluest-dz.com\/product\/polyflow-8800-lsr\/#primaryimage\",\"url\":\"https:\/\/soluest-dz.com\/wp-content\/uploads\/2025\/05\/P2-scaled.jpg\",\"contentUrl\":\"https:\/\/soluest-dz.com\/wp-content\/uploads\/2025\/05\/P2-scaled.jpg\",\"width\":2560,\"height\":2560},{\"@type\":\"BreadcrumbList\",\"@id\":\"https:\/\/soluest-dz.com\/product\/polyflow-8800-lsr\/#breadcrumb\",\"itemListElement\":[{\"@type\":\"ListItem\",\"position\":1,\"name\":\"Accueil\",\"item\":\"https:\/\/soluest-dz.com\/\"},{\"@type\":\"ListItem\",\"position\":2,\"name\":\"Shop\",\"item\":\"https:\/\/soluest-dz.com\/shop\/\"},{\"@type\":\"ListItem\",\"position\":3,\"name\":\"POLYFLOW 8800 LSR\"}]},{\"@type\":\"WebSite\",\"@id\":\"https:\/\/soluest-dz.com\/#website\",\"url\":\"https:\/\/soluest-dz.com\/\",\"name\":\"SOLU EST\",\"description\":\"La R\u00e9f\u00e9rence pour mieux construire.\",\"publisher\":{\"@id\":\"https:\/\/soluest-dz.com\/#organization\"},\"potentialAction\":[{\"@type\":\"SearchAction\",\"target\":{\"@type\":\"EntryPoint\",\"urlTemplate\":\"https:\/\/soluest-dz.com\/?s={search_term_string}\"},\"query-input\":{\"@type\":\"PropertyValueSpecification\",\"valueRequired\":true,\"valueName\":\"search_term_string\"}}],\"inLanguage\":\"en-US\"},{\"@type\":\"Organization\",\"@id\":\"https:\/\/soluest-dz.com\/#organization\",\"name\":\"SOLU EST\",\"url\":\"https:\/\/soluest-dz.com\/\",\"logo\":{\"@type\":\"ImageObject\",\"inLanguage\":\"en-US\",\"@id\":\"https:\/\/soluest-dz.com\/#\/schema\/logo\/image\/\",\"url\":\"https:\/\/soluest-dz.com\/wp-content\/uploads\/2025\/04\/Asset-8@4x.png\",\"contentUrl\":\"https:\/\/soluest-dz.com\/wp-content\/uploads\/2025\/04\/Asset-8@4x.png\",\"width\":1789,\"height\":337,\"caption\":\"SOLU EST\"},\"image\":{\"@id\":\"https:\/\/soluest-dz.com\/#\/schema\/logo\/image\/\"},\"sameAs\":[\"https:\/\/web.facebook.com\/sarlsoluest?mibextid=wwXIfr&rdid=mPGkw1ysCCHgBUJP&share_url=httpsweb.facebook.comshare19DnEyCCYfmibextidwwXIfr_rdc1_rdr\",\"https:\/\/www.instagram.com\/sarlsoluest\",\"https:\/\/www.linkedin.com\/company\/solu-est\/\"]}]}<\/script>\n<!-- \/ Yoast SEO plugin. -->","yoast_head_json":{"title":"POLYFLOW 8800 LSR - SOLU EST","robots":{"index":"index","follow":"follow","max-snippet":"max-snippet:-1","max-image-preview":"max-image-preview:large","max-video-preview":"max-video-preview:-1"},"canonical":"https:\/\/soluest-dz.com\/en\/product\/polyflow-8800-lsr\/","og_locale":"en_US","og_type":"article","og_title":"POLYFLOW 8800 LSR - SOLU EST","og_description":"Super plastifiant \/Haut R\u00e9ducteur d'eau polyvalent pour b\u00e9tons pr\u00eats \u00e0 l'emploi. POLYFLOW\u00ae\ufe0f LSR 8800 est un superplastifiant hautement efficace, \u00e0 base de polycarboxylate, non chlor\u00e9, qui r\u00e9duit consid\u00e9rablement la quantit\u00e9 d'eau n\u00e9cessaire pour obtenir une consistance fluide tout en maintenant une haute r\u00e9sistance du b\u00e9ton.  Ce produit ne pr\u00e9sente pas d\u2019effet retardateur, ce qui permet un durcissement rapide et contr\u00f4l\u00e9 sans ralentir le temps de prise du b\u00e9ton.","og_url":"https:\/\/soluest-dz.com\/en\/product\/polyflow-8800-lsr\/","og_site_name":"SOLU EST","article_publisher":"https:\/\/web.facebook.com\/sarlsoluest?mibextid=wwXIfr&rdid=mPGkw1ysCCHgBUJP&share_url=httpsweb.facebook.comshare19DnEyCCYfmibextidwwXIfr_rdc1_rdr","article_modified_time":"2025-05-08T15:01:26+00:00","og_image":[{"width":2560,"height":2560,"url":"https:\/\/soluest-dz.com\/wp-content\/uploads\/2025\/05\/P2-scaled.jpg","type":"image\/jpeg"}],"twitter_card":"summary_large_image","twitter_misc":{"Est. reading time":"1 minute"},"schema":{"@context":"https:\/\/schema.org","@graph":[{"@type":"WebPage","@id":"https:\/\/soluest-dz.com\/product\/polyflow-8800-lsr\/","url":"https:\/\/soluest-dz.com\/product\/polyflow-8800-lsr\/","name":"POLYFLOW 8800 LSR - SOLU EST","isPartOf":{"@id":"https:\/\/soluest-dz.com\/#website"},"primaryImageOfPage":{"@id":"https:\/\/soluest-dz.com\/product\/polyflow-8800-lsr\/#primaryimage"},"image":{"@id":"https:\/\/soluest-dz.com\/product\/polyflow-8800-lsr\/#primaryimage"},"thumbnailUrl":"https:\/\/soluest-dz.com\/wp-content\/uploads\/2025\/05\/P2-scaled.jpg","datePublished":"2024-12-12T11:22:50+00:00","dateModified":"2025-05-08T15:01:26+00:00","breadcrumb":{"@id":"https:\/\/soluest-dz.com\/product\/polyflow-8800-lsr\/#breadcrumb"},"inLanguage":"en-US","potentialAction":[{"@type":"ReadAction","target":["https:\/\/soluest-dz.com\/product\/polyflow-8800-lsr\/"]}]},{"@type":"ImageObject","inLanguage":"en-US","@id":"https:\/\/soluest-dz.com\/product\/polyflow-8800-lsr\/#primaryimage","url":"https:\/\/soluest-dz.com\/wp-content\/uploads\/2025\/05\/P2-scaled.jpg","contentUrl":"https:\/\/soluest-dz.com\/wp-content\/uploads\/2025\/05\/P2-scaled.jpg","width":2560,"height":2560},{"@type":"BreadcrumbList","@id":"https:\/\/soluest-dz.com\/product\/polyflow-8800-lsr\/#breadcrumb","itemListElement":[{"@type":"ListItem","position":1,"name":"Accueil","item":"https:\/\/soluest-dz.com\/"},{"@type":"ListItem","position":2,"name":"Shop","item":"https:\/\/soluest-dz.com\/shop\/"},{"@type":"ListItem","position":3,"name":"POLYFLOW 8800 LSR"}]},{"@type":"WebSite","@id":"https:\/\/soluest-dz.com\/#website","url":"https:\/\/soluest-dz.com\/","name":"SOLU EST","description":"La R\u00e9f\u00e9rence pour mieux construire.","publisher":{"@id":"https:\/\/soluest-dz.com\/#organization"},"potentialAction":[{"@type":"SearchAction","target":{"@type":"EntryPoint","urlTemplate":"https:\/\/soluest-dz.com\/?s={search_term_string}"},"query-input":{"@type":"PropertyValueSpecification","valueRequired":true,"valueName":"search_term_string"}}],"inLanguage":"en-US"},{"@type":"Organization","@id":"https:\/\/soluest-dz.com\/#organization","name":"SOLU EST","url":"https:\/\/soluest-dz.com\/","logo":{"@type":"ImageObject","inLanguage":"en-US","@id":"https:\/\/soluest-dz.com\/#\/schema\/logo\/image\/","url":"https:\/\/soluest-dz.com\/wp-content\/uploads\/2025\/04\/Asset-8@4x.png","contentUrl":"https:\/\/soluest-dz.com\/wp-content\/uploads\/2025\/04\/Asset-8@4x.png","width":1789,"height":337,"caption":"SOLU EST"},"image":{"@id":"https:\/\/soluest-dz.com\/#\/schema\/logo\/image\/"},"sameAs":["https:\/\/web.facebook.com\/sarlsoluest?mibextid=wwXIfr&rdid=mPGkw1ysCCHgBUJP&share_url=httpsweb.facebook.comshare19DnEyCCYfmibextidwwXIfr_rdc1_rdr","https:\/\/www.instagram.com\/sarlsoluest","https:\/\/www.linkedin.com\/company\/solu-est\/"]}]}},"_links":{"self":[{"href":"https:\/\/soluest-dz.com\/en\/wp-json\/wp\/v2\/product\/27553","targetHints":{"allow":["GET"]}}],"collection":[{"href":"https:\/\/soluest-dz.com\/en\/wp-json\/wp\/v2\/product"}],"about":[{"href":"https:\/\/soluest-dz.com\/en\/wp-json\/wp\/v2\/types\/product"}],"wp:featuredmedia":[{"embeddable":true,"href":"https:\/\/soluest-dz.com\/en\/wp-json\/wp\/v2\/media\/28101"}],"wp:attachment":[{"href":"https:\/\/soluest-dz.com\/en\/wp-json\/wp\/v2\/media?parent=27553"}],"wp:term":[{"taxonomy":"product_brand","embeddable":true,"href":"https:\/\/soluest-dz.com\/en\/wp-json\/wp\/v2\/product_brand?post=27553"},{"taxonomy":"product_cat","embeddable":true,"href":"https:\/\/soluest-dz.com\/en\/wp-json\/wp\/v2\/product_cat?post=27553"},{"taxonomy":"product_tag","embeddable":true,"href":"https:\/\/soluest-dz.com\/en\/wp-json\/wp\/v2\/product_tag?post=27553"}],"curies":[{"name":"wp","href":"https:\/\/api.w.org\/{rel}","templated":true}]}}