{"id":27554,"date":"2025-01-10T01:54:29","date_gmt":"2025-01-10T01:54:29","guid":{"rendered":"https:\/\/soluest-dz.com\/?post_type=product&#038;p=27554"},"modified":"2025-05-07T15:14:35","modified_gmt":"2025-05-07T15:14:35","slug":"hydrofuge-polyflow-9500","status":"publish","type":"product","link":"https:\/\/soluest-dz.com\/en\/product\/hydrofuge-polyflow-9500\/","title":{"rendered":"HYDROFUGE POLYFLOW 9500"},"content":{"rendered":"<p class=\"p1\" style=\"text-align: left;\"><span style=\"font-weight: 400;\">L<strong>&lsquo;HYDROFUGE POLY FLOW 9500<\/strong> is a ready-to-use, non-chlorinated waterproofing superplasticizer and high water-reducing agent. Specially designed for use in treatment plants, desalination stations, and watertight concrete in general.<\/span><\/p>\n<h6>Fields of Application:<\/h6>\n<p><span style=\"font-weight: 400;\">Ideal for ready-mix concrete (RMC) and projects requiring long rheology retention, enabling the production of:<\/span><\/p>\n<ul>\n<li style=\"font-weight: 400;\" aria-level=\"1\"><span style=\"font-weight: 400;\">Self-compacting concrete (SCC)<\/span><\/li>\n<li style=\"font-weight: 400;\" aria-level=\"1\"><span style=\"font-weight: 400;\">Low water\/cement ratio concrete<\/span><\/li>\n<li style=\"font-weight: 400;\" aria-level=\"1\"><span style=\"font-weight: 400;\">High-strength concrete<\/span><\/li>\n<li style=\"font-weight: 400;\" aria-level=\"1\"><span style=\"font-weight: 400;\">Watertight concrete<\/span><\/li>\n<li style=\"font-weight: 400;\" aria-level=\"1\"><span style=\"font-weight: 400;\">Concrete with extended rheology retention<\/span><\/li>\n<\/ul>\n<h6><b>General Characteristics:<\/b><\/h6>\n<ul>\n<li style=\"font-weight: 400;\" aria-level=\"1\"><span style=\"font-weight: 400;\">Excellent compatibility with aggregates, sand, and gravel<\/span><\/li>\n<li style=\"font-weight: 400;\" aria-level=\"1\"><span style=\"font-weight: 400;\">Robust against water fluctuations at batching plants<\/span><\/li>\n<li style=\"font-weight: 400;\" aria-level=\"1\"><span style=\"font-weight: 400;\">Compatible with Algerian cements<\/span><\/li>\n<li style=\"font-weight: 400;\" aria-level=\"1\"><span style=\"font-weight: 400;\">Suitable for long-distance transport without segregation<\/span><\/li>\n<li style=\"font-weight: 400;\" aria-level=\"1\"><span style=\"font-weight: 400;\">Resistant to sulfate ions released during hydration<\/span><\/li>\n<li style=\"font-weight: 400;\" aria-level=\"1\"><span style=\"font-weight: 400;\">Produces high-quality concrete surfaces<\/span><\/li>\n<\/ul>","protected":false},"excerpt":{"rendered":"<h6 class=\"p1\">Next-Generation Superplasticizer Waterproofing Agent and High Water Reducer for Ready-Mix Concrete<\/h6>\n<p><span style=\"font-weight: 400;\">L&rsquo;<strong>HYDROFUGE POLY FLOW 9500<\/strong> is a ready-to-use, non-chlorinated waterproofing superplasticizer and high water-reducing agent. Specially designed for use in treatment plants, desalination stations, and watertight concrete in general.<\/span><\/p>","protected":false},"featured_media":28100,"template":"","meta":{"inline_featured_image":false},"product_brand":[],"product_cat":[220,219],"product_tag":[],"class_list":{"0":"post-27554","1":"product","2":"type-product","3":"status-publish","4":"has-post-thumbnail","6":"product_cat-impermeabilisation","7":"product_cat-superplastifiants-de-nouvelle-generation","9":"first","10":"instock","11":"shipping-taxable","12":"purchasable","13":"product-type-simple"},"yoast_head":"<!-- This site is optimized with the Yoast SEO plugin v25.0 - https:\/\/yoast.com\/wordpress\/plugins\/seo\/ -->\n<title>HYDROFUGE POLYFLOW 9500 - SOLU EST<\/title>\n<meta name=\"robots\" content=\"index, follow, max-snippet:-1, max-image-preview:large, max-video-preview:-1\" \/>\n<link rel=\"canonical\" href=\"https:\/\/soluest-dz.com\/en\/product\/hydrofuge-polyflow-9500\/\" \/>\n<meta property=\"og:locale\" content=\"en_US\" \/>\n<meta property=\"og:type\" content=\"article\" \/>\n<meta property=\"og:title\" content=\"HYDROFUGE POLYFLOW 9500 - SOLU EST\" \/>\n<meta property=\"og:description\" content=\"Hydrofuge Super Plastifiant Haut R\u00e9ducteur d&#039;eau de nouvelle g\u00e9n\u00e9ration pour b\u00e9tons pr\u00eats \u00e0 l&#039;emploi L&#039;HYDROFUGE POLY FLOW 9500 est un hydrofuge super plastifiant haut r\u00e9ducteur d&#039;eau non chlor\u00e9 et pr\u00eat \u00e0 l&#039;emploi, Il est sp\u00e9cialement con\u00e7u pour \u00eatre utilis\u00e9 dans les projets de station d&#039;\u00e9puration, station de dessalement et en g\u00e9n\u00e9ral pour les b\u00e9tons \u00e9tanches\" \/>\n<meta property=\"og:url\" content=\"https:\/\/soluest-dz.com\/en\/product\/hydrofuge-polyflow-9500\/\" \/>\n<meta property=\"og:site_name\" content=\"SOLU EST\" \/>\n<meta property=\"article:publisher\" content=\"https:\/\/web.facebook.com\/sarlsoluest?mibextid=wwXIfr&amp;rdid=mPGkw1ysCCHgBUJP&amp;share_url=httpsweb.facebook.comshare19DnEyCCYfmibextidwwXIfr_rdc1_rdr\" \/>\n<meta property=\"article:modified_time\" content=\"2025-05-07T15:14:35+00:00\" \/>\n<meta property=\"og:image\" content=\"https:\/\/soluest-dz.com\/wp-content\/uploads\/2025\/05\/P1-scaled.jpg\" \/>\n\t<meta property=\"og:image:width\" content=\"2560\" \/>\n\t<meta property=\"og:image:height\" content=\"2560\" \/>\n\t<meta property=\"og:image:type\" content=\"image\/jpeg\" \/>\n<meta name=\"twitter:card\" content=\"summary_large_image\" \/>\n<meta name=\"twitter:label1\" content=\"Est. reading time\" \/>\n\t<meta name=\"twitter:data1\" content=\"1 minute\" \/>\n<script type=\"application\/ld+json\" class=\"yoast-schema-graph\">{\"@context\":\"https:\/\/schema.org\",\"@graph\":[{\"@type\":\"WebPage\",\"@id\":\"https:\/\/soluest-dz.com\/product\/hydrofuge-polyflow-9500\/\",\"url\":\"https:\/\/soluest-dz.com\/product\/hydrofuge-polyflow-9500\/\",\"name\":\"HYDROFUGE POLYFLOW 9500 - SOLU EST\",\"isPartOf\":{\"@id\":\"https:\/\/soluest-dz.com\/#website\"},\"primaryImageOfPage\":{\"@id\":\"https:\/\/soluest-dz.com\/product\/hydrofuge-polyflow-9500\/#primaryimage\"},\"image\":{\"@id\":\"https:\/\/soluest-dz.com\/product\/hydrofuge-polyflow-9500\/#primaryimage\"},\"thumbnailUrl\":\"https:\/\/soluest-dz.com\/wp-content\/uploads\/2025\/05\/P1-scaled.jpg\",\"datePublished\":\"2025-01-10T01:54:29+00:00\",\"dateModified\":\"2025-05-07T15:14:35+00:00\",\"breadcrumb\":{\"@id\":\"https:\/\/soluest-dz.com\/product\/hydrofuge-polyflow-9500\/#breadcrumb\"},\"inLanguage\":\"en-US\",\"potentialAction\":[{\"@type\":\"ReadAction\",\"target\":[\"https:\/\/soluest-dz.com\/product\/hydrofuge-polyflow-9500\/\"]}]},{\"@type\":\"ImageObject\",\"inLanguage\":\"en-US\",\"@id\":\"https:\/\/soluest-dz.com\/product\/hydrofuge-polyflow-9500\/#primaryimage\",\"url\":\"https:\/\/soluest-dz.com\/wp-content\/uploads\/2025\/05\/P1-scaled.jpg\",\"contentUrl\":\"https:\/\/soluest-dz.com\/wp-content\/uploads\/2025\/05\/P1-scaled.jpg\",\"width\":2560,\"height\":2560},{\"@type\":\"BreadcrumbList\",\"@id\":\"https:\/\/soluest-dz.com\/product\/hydrofuge-polyflow-9500\/#breadcrumb\",\"itemListElement\":[{\"@type\":\"ListItem\",\"position\":1,\"name\":\"Accueil\",\"item\":\"https:\/\/soluest-dz.com\/\"},{\"@type\":\"ListItem\",\"position\":2,\"name\":\"Shop\",\"item\":\"https:\/\/soluest-dz.com\/shop\/\"},{\"@type\":\"ListItem\",\"position\":3,\"name\":\"HYDROFUGE POLYFLOW 9500\"}]},{\"@type\":\"WebSite\",\"@id\":\"https:\/\/soluest-dz.com\/#website\",\"url\":\"https:\/\/soluest-dz.com\/\",\"name\":\"SOLU EST\",\"description\":\"La R\u00e9f\u00e9rence pour mieux construire.\",\"publisher\":{\"@id\":\"https:\/\/soluest-dz.com\/#organization\"},\"potentialAction\":[{\"@type\":\"SearchAction\",\"target\":{\"@type\":\"EntryPoint\",\"urlTemplate\":\"https:\/\/soluest-dz.com\/?s={search_term_string}\"},\"query-input\":{\"@type\":\"PropertyValueSpecification\",\"valueRequired\":true,\"valueName\":\"search_term_string\"}}],\"inLanguage\":\"en-US\"},{\"@type\":\"Organization\",\"@id\":\"https:\/\/soluest-dz.com\/#organization\",\"name\":\"SOLU EST\",\"url\":\"https:\/\/soluest-dz.com\/\",\"logo\":{\"@type\":\"ImageObject\",\"inLanguage\":\"en-US\",\"@id\":\"https:\/\/soluest-dz.com\/#\/schema\/logo\/image\/\",\"url\":\"https:\/\/soluest-dz.com\/wp-content\/uploads\/2025\/04\/Asset-8@4x.png\",\"contentUrl\":\"https:\/\/soluest-dz.com\/wp-content\/uploads\/2025\/04\/Asset-8@4x.png\",\"width\":1789,\"height\":337,\"caption\":\"SOLU EST\"},\"image\":{\"@id\":\"https:\/\/soluest-dz.com\/#\/schema\/logo\/image\/\"},\"sameAs\":[\"https:\/\/web.facebook.com\/sarlsoluest?mibextid=wwXIfr&rdid=mPGkw1ysCCHgBUJP&share_url=httpsweb.facebook.comshare19DnEyCCYfmibextidwwXIfr_rdc1_rdr\",\"https:\/\/www.instagram.com\/sarlsoluest\",\"https:\/\/www.linkedin.com\/company\/solu-est\/\"]}]}<\/script>\n<!-- \/ Yoast SEO plugin. -->","yoast_head_json":{"title":"HYDROFUGE POLYFLOW 9500 - SOLU EST","robots":{"index":"index","follow":"follow","max-snippet":"max-snippet:-1","max-image-preview":"max-image-preview:large","max-video-preview":"max-video-preview:-1"},"canonical":"https:\/\/soluest-dz.com\/en\/product\/hydrofuge-polyflow-9500\/","og_locale":"en_US","og_type":"article","og_title":"HYDROFUGE POLYFLOW 9500 - SOLU EST","og_description":"Hydrofuge Super Plastifiant Haut R\u00e9ducteur d'eau de nouvelle g\u00e9n\u00e9ration pour b\u00e9tons pr\u00eats \u00e0 l'emploi L'HYDROFUGE POLY FLOW 9500 est un hydrofuge super plastifiant haut r\u00e9ducteur d'eau non chlor\u00e9 et pr\u00eat \u00e0 l'emploi, Il est sp\u00e9cialement con\u00e7u pour \u00eatre utilis\u00e9 dans les projets de station d'\u00e9puration, station de dessalement et en g\u00e9n\u00e9ral pour les b\u00e9tons \u00e9tanches","og_url":"https:\/\/soluest-dz.com\/en\/product\/hydrofuge-polyflow-9500\/","og_site_name":"SOLU EST","article_publisher":"https:\/\/web.facebook.com\/sarlsoluest?mibextid=wwXIfr&rdid=mPGkw1ysCCHgBUJP&share_url=httpsweb.facebook.comshare19DnEyCCYfmibextidwwXIfr_rdc1_rdr","article_modified_time":"2025-05-07T15:14:35+00:00","og_image":[{"width":2560,"height":2560,"url":"https:\/\/soluest-dz.com\/wp-content\/uploads\/2025\/05\/P1-scaled.jpg","type":"image\/jpeg"}],"twitter_card":"summary_large_image","twitter_misc":{"Est. reading time":"1 minute"},"schema":{"@context":"https:\/\/schema.org","@graph":[{"@type":"WebPage","@id":"https:\/\/soluest-dz.com\/product\/hydrofuge-polyflow-9500\/","url":"https:\/\/soluest-dz.com\/product\/hydrofuge-polyflow-9500\/","name":"HYDROFUGE POLYFLOW 9500 - SOLU EST","isPartOf":{"@id":"https:\/\/soluest-dz.com\/#website"},"primaryImageOfPage":{"@id":"https:\/\/soluest-dz.com\/product\/hydrofuge-polyflow-9500\/#primaryimage"},"image":{"@id":"https:\/\/soluest-dz.com\/product\/hydrofuge-polyflow-9500\/#primaryimage"},"thumbnailUrl":"https:\/\/soluest-dz.com\/wp-content\/uploads\/2025\/05\/P1-scaled.jpg","datePublished":"2025-01-10T01:54:29+00:00","dateModified":"2025-05-07T15:14:35+00:00","breadcrumb":{"@id":"https:\/\/soluest-dz.com\/product\/hydrofuge-polyflow-9500\/#breadcrumb"},"inLanguage":"en-US","potentialAction":[{"@type":"ReadAction","target":["https:\/\/soluest-dz.com\/product\/hydrofuge-polyflow-9500\/"]}]},{"@type":"ImageObject","inLanguage":"en-US","@id":"https:\/\/soluest-dz.com\/product\/hydrofuge-polyflow-9500\/#primaryimage","url":"https:\/\/soluest-dz.com\/wp-content\/uploads\/2025\/05\/P1-scaled.jpg","contentUrl":"https:\/\/soluest-dz.com\/wp-content\/uploads\/2025\/05\/P1-scaled.jpg","width":2560,"height":2560},{"@type":"BreadcrumbList","@id":"https:\/\/soluest-dz.com\/product\/hydrofuge-polyflow-9500\/#breadcrumb","itemListElement":[{"@type":"ListItem","position":1,"name":"Accueil","item":"https:\/\/soluest-dz.com\/"},{"@type":"ListItem","position":2,"name":"Shop","item":"https:\/\/soluest-dz.com\/shop\/"},{"@type":"ListItem","position":3,"name":"HYDROFUGE POLYFLOW 9500"}]},{"@type":"WebSite","@id":"https:\/\/soluest-dz.com\/#website","url":"https:\/\/soluest-dz.com\/","name":"SOLU EST","description":"La R\u00e9f\u00e9rence pour mieux construire.","publisher":{"@id":"https:\/\/soluest-dz.com\/#organization"},"potentialAction":[{"@type":"SearchAction","target":{"@type":"EntryPoint","urlTemplate":"https:\/\/soluest-dz.com\/?s={search_term_string}"},"query-input":{"@type":"PropertyValueSpecification","valueRequired":true,"valueName":"search_term_string"}}],"inLanguage":"en-US"},{"@type":"Organization","@id":"https:\/\/soluest-dz.com\/#organization","name":"SOLU EST","url":"https:\/\/soluest-dz.com\/","logo":{"@type":"ImageObject","inLanguage":"en-US","@id":"https:\/\/soluest-dz.com\/#\/schema\/logo\/image\/","url":"https:\/\/soluest-dz.com\/wp-content\/uploads\/2025\/04\/Asset-8@4x.png","contentUrl":"https:\/\/soluest-dz.com\/wp-content\/uploads\/2025\/04\/Asset-8@4x.png","width":1789,"height":337,"caption":"SOLU EST"},"image":{"@id":"https:\/\/soluest-dz.com\/#\/schema\/logo\/image\/"},"sameAs":["https:\/\/web.facebook.com\/sarlsoluest?mibextid=wwXIfr&rdid=mPGkw1ysCCHgBUJP&share_url=httpsweb.facebook.comshare19DnEyCCYfmibextidwwXIfr_rdc1_rdr","https:\/\/www.instagram.com\/sarlsoluest","https:\/\/www.linkedin.com\/company\/solu-est\/"]}]}},"_links":{"self":[{"href":"https:\/\/soluest-dz.com\/en\/wp-json\/wp\/v2\/product\/27554","targetHints":{"allow":["GET"]}}],"collection":[{"href":"https:\/\/soluest-dz.com\/en\/wp-json\/wp\/v2\/product"}],"about":[{"href":"https:\/\/soluest-dz.com\/en\/wp-json\/wp\/v2\/types\/product"}],"wp:featuredmedia":[{"embeddable":true,"href":"https:\/\/soluest-dz.com\/en\/wp-json\/wp\/v2\/media\/28100"}],"wp:attachment":[{"href":"https:\/\/soluest-dz.com\/en\/wp-json\/wp\/v2\/media?parent=27554"}],"wp:term":[{"taxonomy":"product_brand","embeddable":true,"href":"https:\/\/soluest-dz.com\/en\/wp-json\/wp\/v2\/product_brand?post=27554"},{"taxonomy":"product_cat","embeddable":true,"href":"https:\/\/soluest-dz.com\/en\/wp-json\/wp\/v2\/product_cat?post=27554"},{"taxonomy":"product_tag","embeddable":true,"href":"https:\/\/soluest-dz.com\/en\/wp-json\/wp\/v2\/product_tag?post=27554"}],"curies":[{"name":"wp","href":"https:\/\/api.w.org\/{rel}","templated":true}]}}