{"id":27571,"date":"2025-01-10T01:49:41","date_gmt":"2025-01-10T01:49:41","guid":{"rendered":"https:\/\/soluest-dz.com\/?post_type=product&#038;p=27571"},"modified":"2025-05-08T14:15:10","modified_gmt":"2025-05-08T14:15:10","slug":"hydrofuge-poly-liquide","status":"publish","type":"product","link":"https:\/\/soluest-dz.com\/en\/product\/hydrofuge-poly-liquide\/","title":{"rendered":"HYDROFUGE POLY LIQUIDE"},"content":{"rendered":"<p><span style=\"font-weight: 400;\">L&rsquo;<b>HYDROFUGE POLY LIQUIDE\u00ae<\/b> is a liquid admixture specially formulated to enhance the impermeability and durability of concrete. Compliant with the NF EN 934-2 standard, this product is ideal for creating watertight concrete structures.<\/span><\/p>\n<h6>Fields of Application:<\/h6>\n<ul>\n<li style=\"font-weight: 400;\" aria-level=\"1\"><span style=\"font-weight: 400;\">Mass waterproof concrete: foundations, rafts, reservoirs<\/span><\/li>\n<li style=\"font-weight: 400;\" aria-level=\"1\"><span style=\"font-weight: 400;\">Concrete resistant to attack from selenite waters, seawater, industrial or pure waters<\/span><\/li>\n<\/ul>\n<h6>General Characteristics:<\/h6>\n<ul>\n<li style=\"font-weight: 400;\" aria-level=\"1\"><span style=\"font-weight: 400;\">Provides superior hydrophobic properties<\/span><\/li>\n<li style=\"font-weight: 400;\" aria-level=\"1\"><span style=\"font-weight: 400;\">Improves impermeability and durability of concrete<\/span><\/li>\n<li style=\"font-weight: 400;\" aria-level=\"1\"><span style=\"font-weight: 400;\">Versatile use for watertight concrete structures\u00a0<\/span><\/li>\n<li style=\"font-weight: 400;\" aria-level=\"1\"><span style=\"font-weight: 400;\">Guaranteed chloride-free and with no significant effect on setting time or mechanical strength<\/span><\/li>\n<\/ul>","protected":false},"excerpt":{"rendered":"<h6><b>High-Performance Liquid Waterproofing Additive for Concrete<\/b><\/h6>\n<p><span style=\"font-weight: 400;\">Hydrofuge Poly Liquide is a liquid admixture specially formulated to enhance the impermeability and durability of concrete. Compliant with the NF EN 934-2 standard, this product is ideal for creating watertight concrete structures. <\/span><\/p>","protected":false},"featured_media":28102,"template":"","meta":{"inline_featured_image":false},"product_brand":[],"product_cat":[220],"product_tag":[],"class_list":{"0":"post-27571","1":"product","2":"type-product","3":"status-publish","4":"has-post-thumbnail","6":"product_cat-impermeabilisation","8":"first","9":"instock","10":"shipping-taxable","11":"purchasable","12":"product-type-simple"},"yoast_head":"<!-- This site is optimized with the Yoast SEO plugin v25.0 - https:\/\/yoast.com\/wordpress\/plugins\/seo\/ -->\n<title>HYDROFUGE POLY LIQUIDE - SOLU EST<\/title>\n<meta name=\"robots\" content=\"index, follow, max-snippet:-1, max-image-preview:large, max-video-preview:-1\" \/>\n<link rel=\"canonical\" href=\"https:\/\/soluest-dz.com\/en\/product\/hydrofuge-poly-liquide\/\" \/>\n<meta property=\"og:locale\" content=\"en_US\" \/>\n<meta property=\"og:type\" content=\"article\" \/>\n<meta property=\"og:title\" content=\"HYDROFUGE POLY LIQUIDE - SOLU EST\" \/>\n<meta property=\"og:description\" content=\"Additif Hydrofuge Liquide Haute Performance pour B\u00e9ton L&#039;Hydrofuge Poly Liquide est un adjuvant liquide sp\u00e9cialement con\u00e7u pour am\u00e9liorer l&#039;imperm\u00e9abilit\u00e9 et la durabilit\u00e9 du b\u00e9ton. Conforme \u00e0 la norme NF EN 934-2, ce produit est id\u00e9al pour r\u00e9aliser des structures en b\u00e9ton \u00e9tanches.\" \/>\n<meta property=\"og:url\" content=\"https:\/\/soluest-dz.com\/en\/product\/hydrofuge-poly-liquide\/\" \/>\n<meta property=\"og:site_name\" content=\"SOLU EST\" \/>\n<meta property=\"article:publisher\" content=\"https:\/\/web.facebook.com\/sarlsoluest?mibextid=wwXIfr&amp;rdid=mPGkw1ysCCHgBUJP&amp;share_url=httpsweb.facebook.comshare19DnEyCCYfmibextidwwXIfr_rdc1_rdr\" \/>\n<meta property=\"article:modified_time\" content=\"2025-05-08T14:15:10+00:00\" \/>\n<meta property=\"og:image\" content=\"https:\/\/soluest-dz.com\/wp-content\/uploads\/2025\/05\/P3-scaled.jpg\" \/>\n\t<meta property=\"og:image:width\" content=\"2560\" \/>\n\t<meta property=\"og:image:height\" content=\"2560\" \/>\n\t<meta property=\"og:image:type\" content=\"image\/jpeg\" \/>\n<meta name=\"twitter:card\" content=\"summary_large_image\" \/>\n<meta name=\"twitter:label1\" content=\"Est. reading time\" \/>\n\t<meta name=\"twitter:data1\" content=\"1 minute\" \/>\n<script type=\"application\/ld+json\" class=\"yoast-schema-graph\">{\"@context\":\"https:\/\/schema.org\",\"@graph\":[{\"@type\":\"WebPage\",\"@id\":\"https:\/\/soluest-dz.com\/product\/hydrofuge-poly-liquide\/\",\"url\":\"https:\/\/soluest-dz.com\/product\/hydrofuge-poly-liquide\/\",\"name\":\"HYDROFUGE POLY LIQUIDE - SOLU EST\",\"isPartOf\":{\"@id\":\"https:\/\/soluest-dz.com\/#website\"},\"primaryImageOfPage\":{\"@id\":\"https:\/\/soluest-dz.com\/product\/hydrofuge-poly-liquide\/#primaryimage\"},\"image\":{\"@id\":\"https:\/\/soluest-dz.com\/product\/hydrofuge-poly-liquide\/#primaryimage\"},\"thumbnailUrl\":\"https:\/\/soluest-dz.com\/wp-content\/uploads\/2025\/05\/P3-scaled.jpg\",\"datePublished\":\"2025-01-10T01:49:41+00:00\",\"dateModified\":\"2025-05-08T14:15:10+00:00\",\"breadcrumb\":{\"@id\":\"https:\/\/soluest-dz.com\/product\/hydrofuge-poly-liquide\/#breadcrumb\"},\"inLanguage\":\"en-US\",\"potentialAction\":[{\"@type\":\"ReadAction\",\"target\":[\"https:\/\/soluest-dz.com\/product\/hydrofuge-poly-liquide\/\"]}]},{\"@type\":\"ImageObject\",\"inLanguage\":\"en-US\",\"@id\":\"https:\/\/soluest-dz.com\/product\/hydrofuge-poly-liquide\/#primaryimage\",\"url\":\"https:\/\/soluest-dz.com\/wp-content\/uploads\/2025\/05\/P3-scaled.jpg\",\"contentUrl\":\"https:\/\/soluest-dz.com\/wp-content\/uploads\/2025\/05\/P3-scaled.jpg\",\"width\":2560,\"height\":2560},{\"@type\":\"BreadcrumbList\",\"@id\":\"https:\/\/soluest-dz.com\/product\/hydrofuge-poly-liquide\/#breadcrumb\",\"itemListElement\":[{\"@type\":\"ListItem\",\"position\":1,\"name\":\"Accueil\",\"item\":\"https:\/\/soluest-dz.com\/\"},{\"@type\":\"ListItem\",\"position\":2,\"name\":\"Shop\",\"item\":\"https:\/\/soluest-dz.com\/shop\/\"},{\"@type\":\"ListItem\",\"position\":3,\"name\":\"HYDROFUGE POLY LIQUIDE\"}]},{\"@type\":\"WebSite\",\"@id\":\"https:\/\/soluest-dz.com\/#website\",\"url\":\"https:\/\/soluest-dz.com\/\",\"name\":\"SOLU EST\",\"description\":\"La R\u00e9f\u00e9rence pour mieux construire.\",\"publisher\":{\"@id\":\"https:\/\/soluest-dz.com\/#organization\"},\"potentialAction\":[{\"@type\":\"SearchAction\",\"target\":{\"@type\":\"EntryPoint\",\"urlTemplate\":\"https:\/\/soluest-dz.com\/?s={search_term_string}\"},\"query-input\":{\"@type\":\"PropertyValueSpecification\",\"valueRequired\":true,\"valueName\":\"search_term_string\"}}],\"inLanguage\":\"en-US\"},{\"@type\":\"Organization\",\"@id\":\"https:\/\/soluest-dz.com\/#organization\",\"name\":\"SOLU EST\",\"url\":\"https:\/\/soluest-dz.com\/\",\"logo\":{\"@type\":\"ImageObject\",\"inLanguage\":\"en-US\",\"@id\":\"https:\/\/soluest-dz.com\/#\/schema\/logo\/image\/\",\"url\":\"https:\/\/soluest-dz.com\/wp-content\/uploads\/2025\/04\/Asset-8@4x.png\",\"contentUrl\":\"https:\/\/soluest-dz.com\/wp-content\/uploads\/2025\/04\/Asset-8@4x.png\",\"width\":1789,\"height\":337,\"caption\":\"SOLU EST\"},\"image\":{\"@id\":\"https:\/\/soluest-dz.com\/#\/schema\/logo\/image\/\"},\"sameAs\":[\"https:\/\/web.facebook.com\/sarlsoluest?mibextid=wwXIfr&rdid=mPGkw1ysCCHgBUJP&share_url=httpsweb.facebook.comshare19DnEyCCYfmibextidwwXIfr_rdc1_rdr\",\"https:\/\/www.instagram.com\/sarlsoluest\",\"https:\/\/www.linkedin.com\/company\/solu-est\/\"]}]}<\/script>\n<!-- \/ Yoast SEO plugin. -->","yoast_head_json":{"title":"HYDROFUGE POLY LIQUIDE - SOLU EST","robots":{"index":"index","follow":"follow","max-snippet":"max-snippet:-1","max-image-preview":"max-image-preview:large","max-video-preview":"max-video-preview:-1"},"canonical":"https:\/\/soluest-dz.com\/en\/product\/hydrofuge-poly-liquide\/","og_locale":"en_US","og_type":"article","og_title":"HYDROFUGE POLY LIQUIDE - SOLU EST","og_description":"Additif Hydrofuge Liquide Haute Performance pour B\u00e9ton L'Hydrofuge Poly Liquide est un adjuvant liquide sp\u00e9cialement con\u00e7u pour am\u00e9liorer l'imperm\u00e9abilit\u00e9 et la durabilit\u00e9 du b\u00e9ton. Conforme \u00e0 la norme NF EN 934-2, ce produit est id\u00e9al pour r\u00e9aliser des structures en b\u00e9ton \u00e9tanches.","og_url":"https:\/\/soluest-dz.com\/en\/product\/hydrofuge-poly-liquide\/","og_site_name":"SOLU EST","article_publisher":"https:\/\/web.facebook.com\/sarlsoluest?mibextid=wwXIfr&rdid=mPGkw1ysCCHgBUJP&share_url=httpsweb.facebook.comshare19DnEyCCYfmibextidwwXIfr_rdc1_rdr","article_modified_time":"2025-05-08T14:15:10+00:00","og_image":[{"width":2560,"height":2560,"url":"https:\/\/soluest-dz.com\/wp-content\/uploads\/2025\/05\/P3-scaled.jpg","type":"image\/jpeg"}],"twitter_card":"summary_large_image","twitter_misc":{"Est. reading time":"1 minute"},"schema":{"@context":"https:\/\/schema.org","@graph":[{"@type":"WebPage","@id":"https:\/\/soluest-dz.com\/product\/hydrofuge-poly-liquide\/","url":"https:\/\/soluest-dz.com\/product\/hydrofuge-poly-liquide\/","name":"HYDROFUGE POLY LIQUIDE - SOLU EST","isPartOf":{"@id":"https:\/\/soluest-dz.com\/#website"},"primaryImageOfPage":{"@id":"https:\/\/soluest-dz.com\/product\/hydrofuge-poly-liquide\/#primaryimage"},"image":{"@id":"https:\/\/soluest-dz.com\/product\/hydrofuge-poly-liquide\/#primaryimage"},"thumbnailUrl":"https:\/\/soluest-dz.com\/wp-content\/uploads\/2025\/05\/P3-scaled.jpg","datePublished":"2025-01-10T01:49:41+00:00","dateModified":"2025-05-08T14:15:10+00:00","breadcrumb":{"@id":"https:\/\/soluest-dz.com\/product\/hydrofuge-poly-liquide\/#breadcrumb"},"inLanguage":"en-US","potentialAction":[{"@type":"ReadAction","target":["https:\/\/soluest-dz.com\/product\/hydrofuge-poly-liquide\/"]}]},{"@type":"ImageObject","inLanguage":"en-US","@id":"https:\/\/soluest-dz.com\/product\/hydrofuge-poly-liquide\/#primaryimage","url":"https:\/\/soluest-dz.com\/wp-content\/uploads\/2025\/05\/P3-scaled.jpg","contentUrl":"https:\/\/soluest-dz.com\/wp-content\/uploads\/2025\/05\/P3-scaled.jpg","width":2560,"height":2560},{"@type":"BreadcrumbList","@id":"https:\/\/soluest-dz.com\/product\/hydrofuge-poly-liquide\/#breadcrumb","itemListElement":[{"@type":"ListItem","position":1,"name":"Accueil","item":"https:\/\/soluest-dz.com\/"},{"@type":"ListItem","position":2,"name":"Shop","item":"https:\/\/soluest-dz.com\/shop\/"},{"@type":"ListItem","position":3,"name":"HYDROFUGE POLY LIQUIDE"}]},{"@type":"WebSite","@id":"https:\/\/soluest-dz.com\/#website","url":"https:\/\/soluest-dz.com\/","name":"SOLU EST","description":"La R\u00e9f\u00e9rence pour mieux construire.","publisher":{"@id":"https:\/\/soluest-dz.com\/#organization"},"potentialAction":[{"@type":"SearchAction","target":{"@type":"EntryPoint","urlTemplate":"https:\/\/soluest-dz.com\/?s={search_term_string}"},"query-input":{"@type":"PropertyValueSpecification","valueRequired":true,"valueName":"search_term_string"}}],"inLanguage":"en-US"},{"@type":"Organization","@id":"https:\/\/soluest-dz.com\/#organization","name":"SOLU EST","url":"https:\/\/soluest-dz.com\/","logo":{"@type":"ImageObject","inLanguage":"en-US","@id":"https:\/\/soluest-dz.com\/#\/schema\/logo\/image\/","url":"https:\/\/soluest-dz.com\/wp-content\/uploads\/2025\/04\/Asset-8@4x.png","contentUrl":"https:\/\/soluest-dz.com\/wp-content\/uploads\/2025\/04\/Asset-8@4x.png","width":1789,"height":337,"caption":"SOLU EST"},"image":{"@id":"https:\/\/soluest-dz.com\/#\/schema\/logo\/image\/"},"sameAs":["https:\/\/web.facebook.com\/sarlsoluest?mibextid=wwXIfr&rdid=mPGkw1ysCCHgBUJP&share_url=httpsweb.facebook.comshare19DnEyCCYfmibextidwwXIfr_rdc1_rdr","https:\/\/www.instagram.com\/sarlsoluest","https:\/\/www.linkedin.com\/company\/solu-est\/"]}]}},"_links":{"self":[{"href":"https:\/\/soluest-dz.com\/en\/wp-json\/wp\/v2\/product\/27571","targetHints":{"allow":["GET"]}}],"collection":[{"href":"https:\/\/soluest-dz.com\/en\/wp-json\/wp\/v2\/product"}],"about":[{"href":"https:\/\/soluest-dz.com\/en\/wp-json\/wp\/v2\/types\/product"}],"wp:featuredmedia":[{"embeddable":true,"href":"https:\/\/soluest-dz.com\/en\/wp-json\/wp\/v2\/media\/28102"}],"wp:attachment":[{"href":"https:\/\/soluest-dz.com\/en\/wp-json\/wp\/v2\/media?parent=27571"}],"wp:term":[{"taxonomy":"product_brand","embeddable":true,"href":"https:\/\/soluest-dz.com\/en\/wp-json\/wp\/v2\/product_brand?post=27571"},{"taxonomy":"product_cat","embeddable":true,"href":"https:\/\/soluest-dz.com\/en\/wp-json\/wp\/v2\/product_cat?post=27571"},{"taxonomy":"product_tag","embeddable":true,"href":"https:\/\/soluest-dz.com\/en\/wp-json\/wp\/v2\/product_tag?post=27571"}],"curies":[{"name":"wp","href":"https:\/\/api.w.org\/{rel}","templated":true}]}}