{"id":27846,"date":"2024-01-10T12:41:22","date_gmt":"2024-01-10T12:41:22","guid":{"rendered":"https:\/\/soluest-dz.com\/?post_type=product&#038;p=27846"},"modified":"2025-05-08T15:06:59","modified_gmt":"2025-05-08T15:06:59","slug":"polyflow-hes","status":"publish","type":"product","link":"https:\/\/soluest-dz.com\/en\/product\/polyflow-hes\/","title":{"rendered":"Polyflow HES"},"content":{"rendered":"<p class=\"p1\"><span style=\"font-weight: 400;\"><strong>POLYFLOW HES<\/strong> is a next-gen, non-chlorinated high-range water-reducing superplasticizer based on acrylic copolymers, available as a light to dark brown liquid.<\/span><\/p>\n<h6><b>Fields of Application:<\/b><\/h6>\n<ul>\n<li style=\"font-weight: 400;\" aria-level=\"1\"><span style=\"font-weight: 400;\">Self-compacting concrete<\/span><\/li>\n<li style=\"font-weight: 400;\" aria-level=\"1\"><span style=\"font-weight: 400;\">Steam-cured or non-cured precast concrete<\/span><\/li>\n<li style=\"font-weight: 400;\" aria-level=\"1\"><span style=\"font-weight: 400;\">Low water\/cement ratio concrete<\/span><\/li>\n<\/ul>\n<h6><b>General Characteristics:<\/b><\/h6>\n<ul>\n<li style=\"font-weight: 400;\" aria-level=\"1\"><span style=\"font-weight: 400;\">Very high water reduction<\/span><\/li>\n<li style=\"font-weight: 400;\" aria-level=\"1\"><span style=\"font-weight: 400;\">High initial strength<\/span><\/li>\n<li style=\"font-weight: 400;\" aria-level=\"1\"><span style=\"font-weight: 400;\">Optimizes durability and productivity (fast demolding)<\/span><\/li>\n<\/ul>","protected":false},"excerpt":{"rendered":"<h6 class=\"p1\"><strong>Next-Gen Superplasticizer \/ High Water Reducer for the Precast Industry<\/strong><\/h6>\n<p><span style=\"font-weight: 400;\"><strong>POLYFLOW HES<\/strong> is a next-gen, non-chlorinated high-range water-reducing superplasticizer based on acrylic copolymers, available as a light to dark brown liquid.<\/span><\/p>","protected":false},"featured_media":28101,"template":"","meta":{"inline_featured_image":false},"product_brand":[],"product_cat":[219],"product_tag":[],"class_list":{"0":"post-27846","1":"product","2":"type-product","3":"status-publish","4":"has-post-thumbnail","6":"product_cat-superplastifiants-de-nouvelle-generation","8":"first","9":"instock","10":"shipping-taxable","11":"purchasable","12":"product-type-simple"},"yoast_head":"<!-- This site is optimized with the Yoast SEO plugin v25.0 - https:\/\/yoast.com\/wordpress\/plugins\/seo\/ -->\n<title>Polyflow HES - SOLU EST<\/title>\n<meta name=\"robots\" content=\"index, follow, max-snippet:-1, max-image-preview:large, max-video-preview:-1\" \/>\n<link rel=\"canonical\" href=\"https:\/\/soluest-dz.com\/en\/product\/polyflow-hes\/\" \/>\n<meta property=\"og:locale\" content=\"en_US\" \/>\n<meta property=\"og:type\" content=\"article\" \/>\n<meta property=\"og:title\" content=\"Polyflow HES - SOLU EST\" \/>\n<meta property=\"og:description\" content=\"Superplastifiant\/Haut r\u00e9ducteur d&#039;eau de nouvelle g\u00e9n\u00e9ration pour l&#039;industrie de la pr\u00e9fabrication. POLYFLOW HES est un superplastifiant haut r\u00e9ducteur d&#039;eau de nouvelle g\u00e9n\u00e9ration non chlor\u00e9, \u00e0 base de copolym\u00e8re acrylique, qui se pr\u00e9sente sous la forme d&#039;un Liquide Brun de fonc\u00e9 a clair.\" \/>\n<meta property=\"og:url\" content=\"https:\/\/soluest-dz.com\/en\/product\/polyflow-hes\/\" \/>\n<meta property=\"og:site_name\" content=\"SOLU EST\" \/>\n<meta property=\"article:publisher\" content=\"https:\/\/web.facebook.com\/sarlsoluest?mibextid=wwXIfr&amp;rdid=mPGkw1ysCCHgBUJP&amp;share_url=httpsweb.facebook.comshare19DnEyCCYfmibextidwwXIfr_rdc1_rdr\" \/>\n<meta property=\"article:modified_time\" content=\"2025-05-08T15:06:59+00:00\" \/>\n<meta property=\"og:image\" content=\"https:\/\/soluest-dz.com\/wp-content\/uploads\/2025\/05\/P2-scaled.jpg\" \/>\n\t<meta property=\"og:image:width\" content=\"2560\" \/>\n\t<meta property=\"og:image:height\" content=\"2560\" \/>\n\t<meta property=\"og:image:type\" content=\"image\/jpeg\" \/>\n<meta name=\"twitter:card\" content=\"summary_large_image\" \/>\n<script type=\"application\/ld+json\" class=\"yoast-schema-graph\">{\"@context\":\"https:\/\/schema.org\",\"@graph\":[{\"@type\":\"WebPage\",\"@id\":\"https:\/\/soluest-dz.com\/product\/polyflow-hes\/\",\"url\":\"https:\/\/soluest-dz.com\/product\/polyflow-hes\/\",\"name\":\"Polyflow HES - SOLU EST\",\"isPartOf\":{\"@id\":\"https:\/\/soluest-dz.com\/#website\"},\"primaryImageOfPage\":{\"@id\":\"https:\/\/soluest-dz.com\/product\/polyflow-hes\/#primaryimage\"},\"image\":{\"@id\":\"https:\/\/soluest-dz.com\/product\/polyflow-hes\/#primaryimage\"},\"thumbnailUrl\":\"https:\/\/soluest-dz.com\/wp-content\/uploads\/2025\/05\/P2-scaled.jpg\",\"datePublished\":\"2024-01-10T12:41:22+00:00\",\"dateModified\":\"2025-05-08T15:06:59+00:00\",\"breadcrumb\":{\"@id\":\"https:\/\/soluest-dz.com\/product\/polyflow-hes\/#breadcrumb\"},\"inLanguage\":\"en-US\",\"potentialAction\":[{\"@type\":\"ReadAction\",\"target\":[\"https:\/\/soluest-dz.com\/product\/polyflow-hes\/\"]}]},{\"@type\":\"ImageObject\",\"inLanguage\":\"en-US\",\"@id\":\"https:\/\/soluest-dz.com\/product\/polyflow-hes\/#primaryimage\",\"url\":\"https:\/\/soluest-dz.com\/wp-content\/uploads\/2025\/05\/P2-scaled.jpg\",\"contentUrl\":\"https:\/\/soluest-dz.com\/wp-content\/uploads\/2025\/05\/P2-scaled.jpg\",\"width\":2560,\"height\":2560},{\"@type\":\"BreadcrumbList\",\"@id\":\"https:\/\/soluest-dz.com\/product\/polyflow-hes\/#breadcrumb\",\"itemListElement\":[{\"@type\":\"ListItem\",\"position\":1,\"name\":\"Accueil\",\"item\":\"https:\/\/soluest-dz.com\/\"},{\"@type\":\"ListItem\",\"position\":2,\"name\":\"Shop\",\"item\":\"https:\/\/soluest-dz.com\/shop\/\"},{\"@type\":\"ListItem\",\"position\":3,\"name\":\"Polyflow HES\"}]},{\"@type\":\"WebSite\",\"@id\":\"https:\/\/soluest-dz.com\/#website\",\"url\":\"https:\/\/soluest-dz.com\/\",\"name\":\"SOLU EST\",\"description\":\"La R\u00e9f\u00e9rence pour mieux construire.\",\"publisher\":{\"@id\":\"https:\/\/soluest-dz.com\/#organization\"},\"potentialAction\":[{\"@type\":\"SearchAction\",\"target\":{\"@type\":\"EntryPoint\",\"urlTemplate\":\"https:\/\/soluest-dz.com\/?s={search_term_string}\"},\"query-input\":{\"@type\":\"PropertyValueSpecification\",\"valueRequired\":true,\"valueName\":\"search_term_string\"}}],\"inLanguage\":\"en-US\"},{\"@type\":\"Organization\",\"@id\":\"https:\/\/soluest-dz.com\/#organization\",\"name\":\"SOLU EST\",\"url\":\"https:\/\/soluest-dz.com\/\",\"logo\":{\"@type\":\"ImageObject\",\"inLanguage\":\"en-US\",\"@id\":\"https:\/\/soluest-dz.com\/#\/schema\/logo\/image\/\",\"url\":\"https:\/\/soluest-dz.com\/wp-content\/uploads\/2025\/04\/Asset-8@4x.png\",\"contentUrl\":\"https:\/\/soluest-dz.com\/wp-content\/uploads\/2025\/04\/Asset-8@4x.png\",\"width\":1789,\"height\":337,\"caption\":\"SOLU EST\"},\"image\":{\"@id\":\"https:\/\/soluest-dz.com\/#\/schema\/logo\/image\/\"},\"sameAs\":[\"https:\/\/web.facebook.com\/sarlsoluest?mibextid=wwXIfr&rdid=mPGkw1ysCCHgBUJP&share_url=httpsweb.facebook.comshare19DnEyCCYfmibextidwwXIfr_rdc1_rdr\",\"https:\/\/www.instagram.com\/sarlsoluest\",\"https:\/\/www.linkedin.com\/company\/solu-est\/\"]}]}<\/script>\n<!-- \/ Yoast SEO plugin. -->","yoast_head_json":{"title":"Polyflow HES - SOLU EST","robots":{"index":"index","follow":"follow","max-snippet":"max-snippet:-1","max-image-preview":"max-image-preview:large","max-video-preview":"max-video-preview:-1"},"canonical":"https:\/\/soluest-dz.com\/en\/product\/polyflow-hes\/","og_locale":"en_US","og_type":"article","og_title":"Polyflow HES - SOLU EST","og_description":"Superplastifiant\/Haut r\u00e9ducteur d'eau de nouvelle g\u00e9n\u00e9ration pour l'industrie de la pr\u00e9fabrication. POLYFLOW HES est un superplastifiant haut r\u00e9ducteur d'eau de nouvelle g\u00e9n\u00e9ration non chlor\u00e9, \u00e0 base de copolym\u00e8re acrylique, qui se pr\u00e9sente sous la forme d'un Liquide Brun de fonc\u00e9 a clair.","og_url":"https:\/\/soluest-dz.com\/en\/product\/polyflow-hes\/","og_site_name":"SOLU EST","article_publisher":"https:\/\/web.facebook.com\/sarlsoluest?mibextid=wwXIfr&rdid=mPGkw1ysCCHgBUJP&share_url=httpsweb.facebook.comshare19DnEyCCYfmibextidwwXIfr_rdc1_rdr","article_modified_time":"2025-05-08T15:06:59+00:00","og_image":[{"width":2560,"height":2560,"url":"https:\/\/soluest-dz.com\/wp-content\/uploads\/2025\/05\/P2-scaled.jpg","type":"image\/jpeg"}],"twitter_card":"summary_large_image","schema":{"@context":"https:\/\/schema.org","@graph":[{"@type":"WebPage","@id":"https:\/\/soluest-dz.com\/product\/polyflow-hes\/","url":"https:\/\/soluest-dz.com\/product\/polyflow-hes\/","name":"Polyflow HES - SOLU EST","isPartOf":{"@id":"https:\/\/soluest-dz.com\/#website"},"primaryImageOfPage":{"@id":"https:\/\/soluest-dz.com\/product\/polyflow-hes\/#primaryimage"},"image":{"@id":"https:\/\/soluest-dz.com\/product\/polyflow-hes\/#primaryimage"},"thumbnailUrl":"https:\/\/soluest-dz.com\/wp-content\/uploads\/2025\/05\/P2-scaled.jpg","datePublished":"2024-01-10T12:41:22+00:00","dateModified":"2025-05-08T15:06:59+00:00","breadcrumb":{"@id":"https:\/\/soluest-dz.com\/product\/polyflow-hes\/#breadcrumb"},"inLanguage":"en-US","potentialAction":[{"@type":"ReadAction","target":["https:\/\/soluest-dz.com\/product\/polyflow-hes\/"]}]},{"@type":"ImageObject","inLanguage":"en-US","@id":"https:\/\/soluest-dz.com\/product\/polyflow-hes\/#primaryimage","url":"https:\/\/soluest-dz.com\/wp-content\/uploads\/2025\/05\/P2-scaled.jpg","contentUrl":"https:\/\/soluest-dz.com\/wp-content\/uploads\/2025\/05\/P2-scaled.jpg","width":2560,"height":2560},{"@type":"BreadcrumbList","@id":"https:\/\/soluest-dz.com\/product\/polyflow-hes\/#breadcrumb","itemListElement":[{"@type":"ListItem","position":1,"name":"Accueil","item":"https:\/\/soluest-dz.com\/"},{"@type":"ListItem","position":2,"name":"Shop","item":"https:\/\/soluest-dz.com\/shop\/"},{"@type":"ListItem","position":3,"name":"Polyflow HES"}]},{"@type":"WebSite","@id":"https:\/\/soluest-dz.com\/#website","url":"https:\/\/soluest-dz.com\/","name":"SOLU EST","description":"La R\u00e9f\u00e9rence pour mieux construire.","publisher":{"@id":"https:\/\/soluest-dz.com\/#organization"},"potentialAction":[{"@type":"SearchAction","target":{"@type":"EntryPoint","urlTemplate":"https:\/\/soluest-dz.com\/?s={search_term_string}"},"query-input":{"@type":"PropertyValueSpecification","valueRequired":true,"valueName":"search_term_string"}}],"inLanguage":"en-US"},{"@type":"Organization","@id":"https:\/\/soluest-dz.com\/#organization","name":"SOLU EST","url":"https:\/\/soluest-dz.com\/","logo":{"@type":"ImageObject","inLanguage":"en-US","@id":"https:\/\/soluest-dz.com\/#\/schema\/logo\/image\/","url":"https:\/\/soluest-dz.com\/wp-content\/uploads\/2025\/04\/Asset-8@4x.png","contentUrl":"https:\/\/soluest-dz.com\/wp-content\/uploads\/2025\/04\/Asset-8@4x.png","width":1789,"height":337,"caption":"SOLU EST"},"image":{"@id":"https:\/\/soluest-dz.com\/#\/schema\/logo\/image\/"},"sameAs":["https:\/\/web.facebook.com\/sarlsoluest?mibextid=wwXIfr&rdid=mPGkw1ysCCHgBUJP&share_url=httpsweb.facebook.comshare19DnEyCCYfmibextidwwXIfr_rdc1_rdr","https:\/\/www.instagram.com\/sarlsoluest","https:\/\/www.linkedin.com\/company\/solu-est\/"]}]}},"_links":{"self":[{"href":"https:\/\/soluest-dz.com\/en\/wp-json\/wp\/v2\/product\/27846","targetHints":{"allow":["GET"]}}],"collection":[{"href":"https:\/\/soluest-dz.com\/en\/wp-json\/wp\/v2\/product"}],"about":[{"href":"https:\/\/soluest-dz.com\/en\/wp-json\/wp\/v2\/types\/product"}],"wp:featuredmedia":[{"embeddable":true,"href":"https:\/\/soluest-dz.com\/en\/wp-json\/wp\/v2\/media\/28101"}],"wp:attachment":[{"href":"https:\/\/soluest-dz.com\/en\/wp-json\/wp\/v2\/media?parent=27846"}],"wp:term":[{"taxonomy":"product_brand","embeddable":true,"href":"https:\/\/soluest-dz.com\/en\/wp-json\/wp\/v2\/product_brand?post=27846"},{"taxonomy":"product_cat","embeddable":true,"href":"https:\/\/soluest-dz.com\/en\/wp-json\/wp\/v2\/product_cat?post=27846"},{"taxonomy":"product_tag","embeddable":true,"href":"https:\/\/soluest-dz.com\/en\/wp-json\/wp\/v2\/product_tag?post=27846"}],"curies":[{"name":"wp","href":"https:\/\/api.w.org\/{rel}","templated":true}]}}